{"id":424,"date":"2024-07-27T04:56:37","date_gmt":"2024-07-27T04:56:37","guid":{"rendered":"https:\/\/mandebitcoin.com\/?page_id=424"},"modified":"2024-08-30T18:20:05","modified_gmt":"2024-08-30T18:20:05","slug":"blog","status":"publish","type":"page","link":"https:\/\/mandebitcoin.com\/en\/blog\/","title":{"rendered":"Blog"},"content":{"rendered":"<section class=\"section\" id=\"section_1424407925\">\n\t\t<div class=\"section-bg fill\" >\n\t\t\t\t\t\t\t\t\t\n\t\t\t\n\n\t\t<\/div>\n\n\t\t\n\n\t\t<div class=\"section-content relative\">\n\t\t\t\n\n<div class=\"row\"  id=\"row-526386151\">\n\n\n\t<div id=\"col-804153011\" class=\"col small-12 large-12\"  >\n\t\t\t\t<div class=\"col-inner text-center\"  >\n\t\t\t\n\t\t\t\n\n<div class=\"container section-title-container\" style=\"margin-top:30px;\"><h1 class=\"section-title section-title-center\"><b aria-hidden=\"true\"><\/b><span class=\"section-title-main\" >blog<\/span><b aria-hidden=\"true\"><\/b><\/h1><\/div>\n\n<div class=\"row align-center\"  id=\"row-1453755891\">\n\n\n\t<div id=\"col-666038567\" class=\"col medium-9 small-11 large-9\"  >\n\t\t\t\t<div class=\"col-inner\"  >\n\t\t\t\n\t\t\t\n\n<h2><span data-text-color=\"primary\">La madriguera del conocimiento comienza aqu\u00ed<\/span><\/h2>\n<p>En este espacio se ir\u00e1n publicando art\u00edculos sobre seguridad, historias, datos curiosos, ciertas noticias relevantes relacionadas a Bitcoin y mucho m\u00e1s. Aventurate en esta madriguera y conocer\u00e1s nuevos caminos.<\/p>\n\n\t\t<\/div>\n\t\t\t\t\t<\/div>\n\n\t\n\n<\/div>\n\n\t\t<\/div>\n\t\t\t\t\t<\/div>\n\n\t\n\n<\/div>\n\n\t\t<\/div>\n\n\t\t\n<style>\n#section_1424407925 {\n  padding-top: 30px;\n  padding-bottom: 30px;\n  background-color: rgb(245, 245, 245);\n}\n<\/style>\n\t<\/section>\n\t\n<div class=\"row\"  id=\"row-1389978379\">\n\n\n\t<div id=\"col-982750593\" class=\"col small-12 large-12\"  >\n\t\t\t\t<div class=\"col-inner\"  >\n\t\t\t\n\t\t\t\n\n<div class=\"container section-title-container\" style=\"margin-top:30px;\"><h3 class=\"section-title section-title-normal\"><b aria-hidden=\"true\"><\/b><span class=\"section-title-main\" >\u00daltimos art\u00edculos<\/span><b aria-hidden=\"true\"><\/b><\/h3><\/div>\n\n\n  \n    <div id=\"row-497497387\" class=\"row large-columns-3 medium-columns- small-columns-1 row-masonry\" data-packery-options='{\"itemSelector\": \".col\", \"gutter\": 0, \"presentageWidth\" : true}'>\n\n  <div class=\"col post-item\" data-animate=\"fadeInUp\">\n\t\t\t<div class=\"col-inner\">\n\t\t\t\t<div class=\"box box-default box-text-bottom box-blog-post has-hover\">\n            \t\t\t\t\t<div class=\"box-image\" >\n  \t\t\t\t\t\t<div class=\"image-zoom image-cover\" style=\"padding-top:56%;\">\n\t\t\t\t\t\t\t<a href=\"https:\/\/mandebitcoin.com\/en\/bitcoin-pizza-day-el-dia-en-que-10000-btc-compraron-dos-pizzas\/\" class=\"plain\" aria-label=\"Bitcoin Pizza Day: El D\u00eda en que 10,000 BTC Compraron dos Pizzas\">\n\t\t\t\t\t\t\t\t<img loading=\"lazy\" decoding=\"async\" width=\"300\" height=\"300\" src=\"https:\/\/mandebitcoin.com\/wp-content\/uploads\/2025\/05\/BitcoinPizzaDayAnd10KBitcoins-300x300.png\" class=\"attachment-medium size-medium wp-post-image\" alt=\"\" srcset=\"https:\/\/mandebitcoin.com\/wp-content\/uploads\/2025\/05\/BitcoinPizzaDayAnd10KBitcoins-300x300.png 300w, https:\/\/mandebitcoin.com\/wp-content\/uploads\/2025\/05\/BitcoinPizzaDayAnd10KBitcoins-150x150.png 150w, https:\/\/mandebitcoin.com\/wp-content\/uploads\/2025\/05\/BitcoinPizzaDayAnd10KBitcoins-768x768.png 768w, https:\/\/mandebitcoin.com\/wp-content\/uploads\/2025\/05\/BitcoinPizzaDayAnd10KBitcoins-12x12.png 12w, https:\/\/mandebitcoin.com\/wp-content\/uploads\/2025\/05\/BitcoinPizzaDayAnd10KBitcoins-600x600.png 600w, https:\/\/mandebitcoin.com\/wp-content\/uploads\/2025\/05\/BitcoinPizzaDayAnd10KBitcoins-100x100.png 100w, https:\/\/mandebitcoin.com\/wp-content\/uploads\/2025\/05\/BitcoinPizzaDayAnd10KBitcoins.png 1024w\" sizes=\"auto, (max-width: 300px) 100vw, 300px\" \/>\t\t\t\t\t\t\t<\/a>\n  \t\t\t\t\t\t\t  \t\t\t\t\t\t\t  \t\t\t\t\t\t<\/div>\n  \t\t\t\t\t\t  \t\t\t\t\t<\/div>\n          \t\t\t\t\t<div class=\"box-text text-center\" >\n\t\t\t\t\t<div class=\"box-text-inner blog-post-inner\">\n\n\t\t\t\t\t\n\t\t\t\t\t\t\t\t\t\t\t<p class=\"cat-label  is-xxsmall op-7 uppercase\">\n\t\t\t\t\tHistoria \t\t\t\t\t<\/p>\n\t\t\t\t\t\t\t\t\t\t<h5 class=\"post-title is-large\">\n\t\t\t\t\t\t<a href=\"https:\/\/mandebitcoin.com\/en\/bitcoin-pizza-day-el-dia-en-que-10000-btc-compraron-dos-pizzas\/\" class=\"plain\">Bitcoin Pizza Day: El D\u00eda en que 10,000 BTC Compraron dos Pizzas<\/a>\n\t\t\t\t\t<\/h5>\n\t\t\t\t\t<div class=\"post-meta is-small op-8\">May 22, 2025<\/div>\t\t\t\t\t<div class=\"is-divider\"><\/div>\n\t\t\t\t\t                    \n\t\t\t\t\t\t\t\t\t\t\t<a href=\"https:\/\/mandebitcoin.com\/en\/bitcoin-pizza-day-el-dia-en-que-10000-btc-compraron-dos-pizzas\/\" class=\"button primary is-outline is-small mb-0\">\n\t\t\t\t\t\t\tleer m\u00e1s\t\t\t\t\t\t<\/a>\n\t\t\t\t\t\n\t\t\t\t\t\n\t\t\t\t\t<\/div>\n\t\t\t\t\t<\/div>\n\t\t\t\t\t\t\t\t\t<\/div>\n\t\t\t<\/div>\n\t\t<\/div><div class=\"col post-item\" data-animate=\"fadeInUp\">\n\t\t\t<div class=\"col-inner\">\n\t\t\t\t<div class=\"box box-default box-text-bottom box-blog-post has-hover\">\n            \t\t\t\t\t<div class=\"box-image\" >\n  \t\t\t\t\t\t<div class=\"image-zoom image-cover\" style=\"padding-top:56%;\">\n\t\t\t\t\t\t\t<a href=\"https:\/\/mandebitcoin.com\/en\/tipos-de-direcciones-en-bitcoin-que-son-y-para-que-sirven\/\" class=\"plain\" aria-label=\"Tipos de Direcciones en Bitcoin: \u00bfQu\u00e9 Son y Para Qu\u00e9 Sirven?\">\n\t\t\t\t\t\t\t\t<img loading=\"lazy\" decoding=\"async\" width=\"300\" height=\"300\" src=\"https:\/\/mandebitcoin.com\/wp-content\/uploads\/2024\/08\/Bitcoin-Addresses-300x300.webp\" class=\"attachment-medium size-medium wp-post-image\" alt=\"\" srcset=\"https:\/\/mandebitcoin.com\/wp-content\/uploads\/2024\/08\/Bitcoin-Addresses-300x300.webp 300w, https:\/\/mandebitcoin.com\/wp-content\/uploads\/2024\/08\/Bitcoin-Addresses-150x150.webp 150w, https:\/\/mandebitcoin.com\/wp-content\/uploads\/2024\/08\/Bitcoin-Addresses-768x768.webp 768w, https:\/\/mandebitcoin.com\/wp-content\/uploads\/2024\/08\/Bitcoin-Addresses-12x12.webp 12w, https:\/\/mandebitcoin.com\/wp-content\/uploads\/2024\/08\/Bitcoin-Addresses-600x600.webp 600w, https:\/\/mandebitcoin.com\/wp-content\/uploads\/2024\/08\/Bitcoin-Addresses-100x100.webp 100w, https:\/\/mandebitcoin.com\/wp-content\/uploads\/2024\/08\/Bitcoin-Addresses.webp 1024w\" sizes=\"auto, (max-width: 300px) 100vw, 300px\" \/>\t\t\t\t\t\t\t<\/a>\n  \t\t\t\t\t\t\t  \t\t\t\t\t\t\t  \t\t\t\t\t\t<\/div>\n  \t\t\t\t\t\t  \t\t\t\t\t<\/div>\n          \t\t\t\t\t<div class=\"box-text text-center\" >\n\t\t\t\t\t<div class=\"box-text-inner blog-post-inner\">\n\n\t\t\t\t\t\n\t\t\t\t\t\t\t\t\t\t\t<p class=\"cat-label  is-xxsmall op-7 uppercase\">\n\t\t\t\t\tConceptos B\u00e1sicos \t\t\t\t\t<\/p>\n\t\t\t\t\t\t\t\t\t\t<h5 class=\"post-title is-large\">\n\t\t\t\t\t\t<a href=\"https:\/\/mandebitcoin.com\/en\/tipos-de-direcciones-en-bitcoin-que-son-y-para-que-sirven\/\" class=\"plain\">Tipos de Direcciones en Bitcoin: \u00bfQu\u00e9 Son y Para Qu\u00e9 Sirven?<\/a>\n\t\t\t\t\t<\/h5>\n\t\t\t\t\t<div class=\"post-meta is-small op-8\">August 30, 2024<\/div>\t\t\t\t\t<div class=\"is-divider\"><\/div>\n\t\t\t\t\t                    \n\t\t\t\t\t\t\t\t\t\t\t<a href=\"https:\/\/mandebitcoin.com\/en\/tipos-de-direcciones-en-bitcoin-que-son-y-para-que-sirven\/\" class=\"button primary is-outline is-small mb-0\">\n\t\t\t\t\t\t\tleer m\u00e1s\t\t\t\t\t\t<\/a>\n\t\t\t\t\t\n\t\t\t\t\t\n\t\t\t\t\t<\/div>\n\t\t\t\t\t<\/div>\n\t\t\t\t\t\t\t\t\t<\/div>\n\t\t\t<\/div>\n\t\t<\/div><div class=\"col post-item\" data-animate=\"fadeInUp\">\n\t\t\t<div class=\"col-inner\">\n\t\t\t\t<div class=\"box box-default box-text-bottom box-blog-post has-hover\">\n            \t\t\t\t\t<div class=\"box-image\" >\n  \t\t\t\t\t\t<div class=\"image-zoom image-cover\" style=\"padding-top:56%;\">\n\t\t\t\t\t\t\t<a href=\"https:\/\/mandebitcoin.com\/en\/que-es-una-billetera-de-bitcoin-y-por-que-la-necesitas\/\" class=\"plain\" aria-label=\"\u00bfQu\u00e9 es una Billetera de Bitcoin y por qu\u00e9 la Necesitas?\">\n\t\t\t\t\t\t\t\t<img loading=\"lazy\" decoding=\"async\" width=\"300\" height=\"300\" src=\"https:\/\/mandebitcoin.com\/wp-content\/uploads\/2024\/07\/What-is-a-Bitcoin-Wallet-and-Why-Do-You-Need-It-300x300.webp\" class=\"attachment-medium size-medium wp-post-image\" alt=\"\" srcset=\"https:\/\/mandebitcoin.com\/wp-content\/uploads\/2024\/07\/What-is-a-Bitcoin-Wallet-and-Why-Do-You-Need-It-300x300.webp 300w, https:\/\/mandebitcoin.com\/wp-content\/uploads\/2024\/07\/What-is-a-Bitcoin-Wallet-and-Why-Do-You-Need-It-150x150.webp 150w, https:\/\/mandebitcoin.com\/wp-content\/uploads\/2024\/07\/What-is-a-Bitcoin-Wallet-and-Why-Do-You-Need-It-768x768.webp 768w, https:\/\/mandebitcoin.com\/wp-content\/uploads\/2024\/07\/What-is-a-Bitcoin-Wallet-and-Why-Do-You-Need-It-12x12.webp 12w, https:\/\/mandebitcoin.com\/wp-content\/uploads\/2024\/07\/What-is-a-Bitcoin-Wallet-and-Why-Do-You-Need-It-600x600.webp 600w, https:\/\/mandebitcoin.com\/wp-content\/uploads\/2024\/07\/What-is-a-Bitcoin-Wallet-and-Why-Do-You-Need-It-100x100.webp 100w, https:\/\/mandebitcoin.com\/wp-content\/uploads\/2024\/07\/What-is-a-Bitcoin-Wallet-and-Why-Do-You-Need-It.webp 1024w\" sizes=\"auto, (max-width: 300px) 100vw, 300px\" \/>\t\t\t\t\t\t\t<\/a>\n  \t\t\t\t\t\t\t  \t\t\t\t\t\t\t  \t\t\t\t\t\t<\/div>\n  \t\t\t\t\t\t  \t\t\t\t\t<\/div>\n          \t\t\t\t\t<div class=\"box-text text-center\" >\n\t\t\t\t\t<div class=\"box-text-inner blog-post-inner\">\n\n\t\t\t\t\t\n\t\t\t\t\t\t\t\t\t\t\t<p class=\"cat-label  is-xxsmall op-7 uppercase\">\n\t\t\t\t\tConceptos B\u00e1sicos \t\t\t\t\t<\/p>\n\t\t\t\t\t\t\t\t\t\t<h5 class=\"post-title is-large\">\n\t\t\t\t\t\t<a href=\"https:\/\/mandebitcoin.com\/en\/que-es-una-billetera-de-bitcoin-y-por-que-la-necesitas\/\" class=\"plain\">\u00bfQu\u00e9 es una Billetera de Bitcoin y por qu\u00e9 la Necesitas?<\/a>\n\t\t\t\t\t<\/h5>\n\t\t\t\t\t<div class=\"post-meta is-small op-8\">July 31, 2024<\/div>\t\t\t\t\t<div class=\"is-divider\"><\/div>\n\t\t\t\t\t                    \n\t\t\t\t\t\t\t\t\t\t\t<a href=\"https:\/\/mandebitcoin.com\/en\/que-es-una-billetera-de-bitcoin-y-por-que-la-necesitas\/\" class=\"button primary is-outline is-small mb-0\">\n\t\t\t\t\t\t\tleer m\u00e1s\t\t\t\t\t\t<\/a>\n\t\t\t\t\t\n\t\t\t\t\t\n\t\t\t\t\t<\/div>\n\t\t\t\t\t<\/div>\n\t\t\t\t\t\t\t\t\t<\/div>\n\t\t\t<\/div>\n\t\t<\/div><div class=\"col post-item\" data-animate=\"fadeInUp\">\n\t\t\t<div class=\"col-inner\">\n\t\t\t\t<div class=\"box box-default box-text-bottom box-blog-post has-hover\">\n            \t\t\t\t\t<div class=\"box-image\" >\n  \t\t\t\t\t\t<div class=\"image-zoom image-cover\" style=\"padding-top:56%;\">\n\t\t\t\t\t\t\t<a href=\"https:\/\/mandebitcoin.com\/en\/guia-para-usar-y-agregar-una-ubicacion-en-btc-map\/\" class=\"plain\" aria-label=\"Gu\u00eda para Usar y Agregar una Ubicaci\u00f3n en BTC Map\">\n\t\t\t\t\t\t\t\t<img loading=\"lazy\" decoding=\"async\" width=\"300\" height=\"300\" src=\"https:\/\/mandebitcoin.com\/wp-content\/uploads\/2024\/07\/DALL\u00b7E-2024-07-29-17.24.14-An-informative-illustration-for-an-article-titled-Guide-to-Using-and-Adding-a-Location-on-BTC-Map.-The-image-features-a-map-interface-with-Bitcoin-s-300x300.webp\" class=\"attachment-medium size-medium wp-post-image\" alt=\"\" srcset=\"https:\/\/mandebitcoin.com\/wp-content\/uploads\/2024\/07\/DALL\u00b7E-2024-07-29-17.24.14-An-informative-illustration-for-an-article-titled-Guide-to-Using-and-Adding-a-Location-on-BTC-Map.-The-image-features-a-map-interface-with-Bitcoin-s-300x300.webp 300w, https:\/\/mandebitcoin.com\/wp-content\/uploads\/2024\/07\/DALL\u00b7E-2024-07-29-17.24.14-An-informative-illustration-for-an-article-titled-Guide-to-Using-and-Adding-a-Location-on-BTC-Map.-The-image-features-a-map-interface-with-Bitcoin-s-150x150.webp 150w, https:\/\/mandebitcoin.com\/wp-content\/uploads\/2024\/07\/DALL\u00b7E-2024-07-29-17.24.14-An-informative-illustration-for-an-article-titled-Guide-to-Using-and-Adding-a-Location-on-BTC-Map.-The-image-features-a-map-interface-with-Bitcoin-s-768x768.webp 768w, https:\/\/mandebitcoin.com\/wp-content\/uploads\/2024\/07\/DALL\u00b7E-2024-07-29-17.24.14-An-informative-illustration-for-an-article-titled-Guide-to-Using-and-Adding-a-Location-on-BTC-Map.-The-image-features-a-map-interface-with-Bitcoin-s-12x12.webp 12w, https:\/\/mandebitcoin.com\/wp-content\/uploads\/2024\/07\/DALL\u00b7E-2024-07-29-17.24.14-An-informative-illustration-for-an-article-titled-Guide-to-Using-and-Adding-a-Location-on-BTC-Map.-The-image-features-a-map-interface-with-Bitcoin-s-600x600.webp 600w, https:\/\/mandebitcoin.com\/wp-content\/uploads\/2024\/07\/DALL\u00b7E-2024-07-29-17.24.14-An-informative-illustration-for-an-article-titled-Guide-to-Using-and-Adding-a-Location-on-BTC-Map.-The-image-features-a-map-interface-with-Bitcoin-s-100x100.webp 100w, https:\/\/mandebitcoin.com\/wp-content\/uploads\/2024\/07\/DALL\u00b7E-2024-07-29-17.24.14-An-informative-illustration-for-an-article-titled-Guide-to-Using-and-Adding-a-Location-on-BTC-Map.-The-image-features-a-map-interface-with-Bitcoin-s.webp 1024w\" sizes=\"auto, (max-width: 300px) 100vw, 300px\" \/>\t\t\t\t\t\t\t<\/a>\n  \t\t\t\t\t\t\t  \t\t\t\t\t\t\t  \t\t\t\t\t\t<\/div>\n  \t\t\t\t\t\t  \t\t\t\t\t<\/div>\n          \t\t\t\t\t<div class=\"box-text text-center\" >\n\t\t\t\t\t<div class=\"box-text-inner blog-post-inner\">\n\n\t\t\t\t\t\n\t\t\t\t\t\t\t\t\t\t\t<p class=\"cat-label  is-xxsmall op-7 uppercase\">\n\t\t\t\t\tHerramientas \t\t\t\t\t<\/p>\n\t\t\t\t\t\t\t\t\t\t<h5 class=\"post-title is-large\">\n\t\t\t\t\t\t<a href=\"https:\/\/mandebitcoin.com\/en\/guia-para-usar-y-agregar-una-ubicacion-en-btc-map\/\" class=\"plain\">Gu\u00eda para Usar y Agregar una Ubicaci\u00f3n en BTC Map<\/a>\n\t\t\t\t\t<\/h5>\n\t\t\t\t\t<div class=\"post-meta is-small op-8\">July 29, 2024<\/div>\t\t\t\t\t<div class=\"is-divider\"><\/div>\n\t\t\t\t\t                    \n\t\t\t\t\t\t\t\t\t\t\t<a href=\"https:\/\/mandebitcoin.com\/en\/guia-para-usar-y-agregar-una-ubicacion-en-btc-map\/\" class=\"button primary is-outline is-small mb-0\">\n\t\t\t\t\t\t\tleer m\u00e1s\t\t\t\t\t\t<\/a>\n\t\t\t\t\t\n\t\t\t\t\t\n\t\t\t\t\t<\/div>\n\t\t\t\t\t<\/div>\n\t\t\t\t\t\t\t\t\t<\/div>\n\t\t\t<\/div>\n\t\t<\/div><div class=\"col post-item\" data-animate=\"fadeInUp\">\n\t\t\t<div class=\"col-inner\">\n\t\t\t\t<div class=\"box box-default box-text-bottom box-blog-post has-hover\">\n            \t\t\t\t\t<div class=\"box-image\" >\n  \t\t\t\t\t\t<div class=\"image-zoom image-cover\" style=\"padding-top:56%;\">\n\t\t\t\t\t\t\t<a href=\"https:\/\/mandebitcoin.com\/en\/introduccion-a-los-nodos-de-bitcoin\/\" class=\"plain\" aria-label=\"Introducci\u00f3n a los Nodos de Bitcoin\">\n\t\t\t\t\t\t\t\t<img loading=\"lazy\" decoding=\"async\" width=\"300\" height=\"295\" src=\"https:\/\/mandebitcoin.com\/wp-content\/uploads\/2024\/07\/Umbrel-node-300x295.jpg\" class=\"attachment-medium size-medium wp-post-image\" alt=\"\" srcset=\"https:\/\/mandebitcoin.com\/wp-content\/uploads\/2024\/07\/Umbrel-node-300x295.jpg 300w, https:\/\/mandebitcoin.com\/wp-content\/uploads\/2024\/07\/Umbrel-node-768x756.jpg 768w, https:\/\/mandebitcoin.com\/wp-content\/uploads\/2024\/07\/Umbrel-node-12x12.jpg 12w, https:\/\/mandebitcoin.com\/wp-content\/uploads\/2024\/07\/Umbrel-node-600x591.jpg 600w, https:\/\/mandebitcoin.com\/wp-content\/uploads\/2024\/07\/Umbrel-node.jpg 897w\" sizes=\"auto, (max-width: 300px) 100vw, 300px\" \/>\t\t\t\t\t\t\t<\/a>\n  \t\t\t\t\t\t\t  \t\t\t\t\t\t\t  \t\t\t\t\t\t<\/div>\n  \t\t\t\t\t\t  \t\t\t\t\t<\/div>\n          \t\t\t\t\t<div class=\"box-text text-center\" >\n\t\t\t\t\t<div class=\"box-text-inner blog-post-inner\">\n\n\t\t\t\t\t\n\t\t\t\t\t\t\t\t\t\t\t<p class=\"cat-label  is-xxsmall op-7 uppercase\">\n\t\t\t\t\tConocimiento T\u00e9cnico \t\t\t\t\t<\/p>\n\t\t\t\t\t\t\t\t\t\t<h5 class=\"post-title is-large\">\n\t\t\t\t\t\t<a href=\"https:\/\/mandebitcoin.com\/en\/introduccion-a-los-nodos-de-bitcoin\/\" class=\"plain\">Introducci\u00f3n a los Nodos de Bitcoin<\/a>\n\t\t\t\t\t<\/h5>\n\t\t\t\t\t<div class=\"post-meta is-small op-8\">July 27, 2024<\/div>\t\t\t\t\t<div class=\"is-divider\"><\/div>\n\t\t\t\t\t                    \n\t\t\t\t\t\t\t\t\t\t\t<a href=\"https:\/\/mandebitcoin.com\/en\/introduccion-a-los-nodos-de-bitcoin\/\" class=\"button primary is-outline is-small mb-0\">\n\t\t\t\t\t\t\tleer m\u00e1s\t\t\t\t\t\t<\/a>\n\t\t\t\t\t\n\t\t\t\t\t\n\t\t\t\t\t<\/div>\n\t\t\t\t\t<\/div>\n\t\t\t\t\t\t\t\t\t<\/div>\n\t\t\t<\/div>\n\t\t<\/div><\/div>\n\n\n\t\t<\/div>\n\t\t\t\t\t<\/div>\n\n\t\n\n<\/div>","protected":false},"excerpt":{"rendered":"","protected":false},"author":1,"featured_media":0,"parent":0,"menu_order":0,"comment_status":"closed","ping_status":"closed","template":"page-blank.php","meta":{"footnotes":""},"class_list":["post-424","page","type-page","status-publish","hentry"],"yoast_head":"<!-- This site is optimized with the Yoast SEO plugin v27.3 - https:\/\/yoast.com\/product\/yoast-seo-wordpress\/ -->\n<title>Blog - Man De Bitcoin<\/title>\n<meta name=\"robots\" content=\"index, follow, max-snippet:-1, max-image-preview:large, max-video-preview:-1\" \/>\n<link rel=\"canonical\" href=\"https:\/\/mandebitcoin.com\/en\/blog\/\" \/>\n<meta property=\"og:locale\" content=\"en_US\" \/>\n<meta property=\"og:type\" content=\"article\" \/>\n<meta property=\"og:title\" content=\"Blog - Man De Bitcoin\" \/>\n<meta property=\"og:url\" content=\"https:\/\/mandebitcoin.com\/en\/blog\/\" \/>\n<meta property=\"og:site_name\" content=\"Man De Bitcoin\" \/>\n<meta property=\"article:modified_time\" content=\"2024-08-30T18:20:05+00:00\" \/>\n<meta name=\"twitter:card\" content=\"summary_large_image\" \/>\n<meta name=\"twitter:site\" content=\"@ManDeBitcoin\" \/>\n<script type=\"application\/ld+json\" class=\"yoast-schema-graph\">{\"@context\":\"https:\\\/\\\/schema.org\",\"@graph\":[{\"@type\":\"WebPage\",\"@id\":\"https:\\\/\\\/mandebitcoin.com\\\/blog\\\/\",\"url\":\"https:\\\/\\\/mandebitcoin.com\\\/blog\\\/\",\"name\":\"Blog - Man De Bitcoin\",\"isPartOf\":{\"@id\":\"https:\\\/\\\/mandebitcoin.com\\\/#website\"},\"datePublished\":\"2024-07-27T04:56:37+00:00\",\"dateModified\":\"2024-08-30T18:20:05+00:00\",\"breadcrumb\":{\"@id\":\"https:\\\/\\\/mandebitcoin.com\\\/blog\\\/#breadcrumb\"},\"inLanguage\":\"en-US\",\"potentialAction\":[{\"@type\":\"ReadAction\",\"target\":[\"https:\\\/\\\/mandebitcoin.com\\\/blog\\\/\"]}]},{\"@type\":\"BreadcrumbList\",\"@id\":\"https:\\\/\\\/mandebitcoin.com\\\/blog\\\/#breadcrumb\",\"itemListElement\":[{\"@type\":\"ListItem\",\"position\":1,\"name\":\"Portada\",\"item\":\"https:\\\/\\\/mandebitcoin.com\\\/\"},{\"@type\":\"ListItem\",\"position\":2,\"name\":\"Blog\"}]},{\"@type\":\"WebSite\",\"@id\":\"https:\\\/\\\/mandebitcoin.com\\\/#website\",\"url\":\"https:\\\/\\\/mandebitcoin.com\\\/\",\"name\":\"Man De Bitcoin\",\"description\":\"Forjando un futuro seguro y transparente\",\"publisher\":{\"@id\":\"https:\\\/\\\/mandebitcoin.com\\\/#organization\"},\"potentialAction\":[{\"@type\":\"SearchAction\",\"target\":{\"@type\":\"EntryPoint\",\"urlTemplate\":\"https:\\\/\\\/mandebitcoin.com\\\/?s={search_term_string}\"},\"query-input\":{\"@type\":\"PropertyValueSpecification\",\"valueRequired\":true,\"valueName\":\"search_term_string\"}}],\"inLanguage\":\"en-US\"},{\"@type\":\"Organization\",\"@id\":\"https:\\\/\\\/mandebitcoin.com\\\/#organization\",\"name\":\"Man De Bitcoin\",\"url\":\"https:\\\/\\\/mandebitcoin.com\\\/\",\"logo\":{\"@type\":\"ImageObject\",\"inLanguage\":\"en-US\",\"@id\":\"https:\\\/\\\/mandebitcoin.com\\\/#\\\/schema\\\/logo\\\/image\\\/\",\"url\":\"https:\\\/\\\/mandebitcoin.com\\\/wp-content\\\/uploads\\\/2024\\\/07\\\/man-de-bitcoin-logo.png\",\"contentUrl\":\"https:\\\/\\\/mandebitcoin.com\\\/wp-content\\\/uploads\\\/2024\\\/07\\\/man-de-bitcoin-logo.png\",\"width\":729,\"height\":729,\"caption\":\"Man De Bitcoin\"},\"image\":{\"@id\":\"https:\\\/\\\/mandebitcoin.com\\\/#\\\/schema\\\/logo\\\/image\\\/\"},\"sameAs\":[\"https:\\\/\\\/x.com\\\/ManDeBitcoin\",\"https:\\\/\\\/www.youtube.com\\\/@ManDeBitcoin\",\"https:\\\/\\\/www.instagram.com\\\/mandebitcoin\",\"https:\\\/\\\/www.tiktok.com\\\/@mandebitcoin\"]}]}<\/script>\n<!-- \/ Yoast SEO plugin. -->","yoast_head_json":{"title":"Blog - Man De Bitcoin","robots":{"index":"index","follow":"follow","max-snippet":"max-snippet:-1","max-image-preview":"max-image-preview:large","max-video-preview":"max-video-preview:-1"},"canonical":"https:\/\/mandebitcoin.com\/en\/blog\/","og_locale":"en_US","og_type":"article","og_title":"Blog - Man De Bitcoin","og_url":"https:\/\/mandebitcoin.com\/en\/blog\/","og_site_name":"Man De Bitcoin","article_modified_time":"2024-08-30T18:20:05+00:00","twitter_card":"summary_large_image","twitter_site":"@ManDeBitcoin","schema":{"@context":"https:\/\/schema.org","@graph":[{"@type":"WebPage","@id":"https:\/\/mandebitcoin.com\/blog\/","url":"https:\/\/mandebitcoin.com\/blog\/","name":"Blog - Man De Bitcoin","isPartOf":{"@id":"https:\/\/mandebitcoin.com\/#website"},"datePublished":"2024-07-27T04:56:37+00:00","dateModified":"2024-08-30T18:20:05+00:00","breadcrumb":{"@id":"https:\/\/mandebitcoin.com\/blog\/#breadcrumb"},"inLanguage":"en-US","potentialAction":[{"@type":"ReadAction","target":["https:\/\/mandebitcoin.com\/blog\/"]}]},{"@type":"BreadcrumbList","@id":"https:\/\/mandebitcoin.com\/blog\/#breadcrumb","itemListElement":[{"@type":"ListItem","position":1,"name":"Portada","item":"https:\/\/mandebitcoin.com\/"},{"@type":"ListItem","position":2,"name":"Blog"}]},{"@type":"WebSite","@id":"https:\/\/mandebitcoin.com\/#website","url":"https:\/\/mandebitcoin.com\/","name":"Man De Bitcoin","description":"Forjando un futuro seguro y transparente","publisher":{"@id":"https:\/\/mandebitcoin.com\/#organization"},"potentialAction":[{"@type":"SearchAction","target":{"@type":"EntryPoint","urlTemplate":"https:\/\/mandebitcoin.com\/?s={search_term_string}"},"query-input":{"@type":"PropertyValueSpecification","valueRequired":true,"valueName":"search_term_string"}}],"inLanguage":"en-US"},{"@type":"Organization","@id":"https:\/\/mandebitcoin.com\/#organization","name":"Man De Bitcoin","url":"https:\/\/mandebitcoin.com\/","logo":{"@type":"ImageObject","inLanguage":"en-US","@id":"https:\/\/mandebitcoin.com\/#\/schema\/logo\/image\/","url":"https:\/\/mandebitcoin.com\/wp-content\/uploads\/2024\/07\/man-de-bitcoin-logo.png","contentUrl":"https:\/\/mandebitcoin.com\/wp-content\/uploads\/2024\/07\/man-de-bitcoin-logo.png","width":729,"height":729,"caption":"Man De Bitcoin"},"image":{"@id":"https:\/\/mandebitcoin.com\/#\/schema\/logo\/image\/"},"sameAs":["https:\/\/x.com\/ManDeBitcoin","https:\/\/www.youtube.com\/@ManDeBitcoin","https:\/\/www.instagram.com\/mandebitcoin","https:\/\/www.tiktok.com\/@mandebitcoin"]}]}},"_links":{"self":[{"href":"https:\/\/mandebitcoin.com\/en\/wp-json\/wp\/v2\/pages\/424","targetHints":{"allow":["GET"]}}],"collection":[{"href":"https:\/\/mandebitcoin.com\/en\/wp-json\/wp\/v2\/pages"}],"about":[{"href":"https:\/\/mandebitcoin.com\/en\/wp-json\/wp\/v2\/types\/page"}],"author":[{"embeddable":true,"href":"https:\/\/mandebitcoin.com\/en\/wp-json\/wp\/v2\/users\/1"}],"replies":[{"embeddable":true,"href":"https:\/\/mandebitcoin.com\/en\/wp-json\/wp\/v2\/comments?post=424"}],"version-history":[{"count":17,"href":"https:\/\/mandebitcoin.com\/en\/wp-json\/wp\/v2\/pages\/424\/revisions"}],"predecessor-version":[{"id":544,"href":"https:\/\/mandebitcoin.com\/en\/wp-json\/wp\/v2\/pages\/424\/revisions\/544"}],"wp:attachment":[{"href":"https:\/\/mandebitcoin.com\/en\/wp-json\/wp\/v2\/media?parent=424"}],"curies":[{"name":"wp","href":"https:\/\/api.w.org\/{rel}","templated":true}]}}