{"id":513,"date":"2024-07-28T16:17:58","date_gmt":"2024-07-28T16:17:58","guid":{"rendered":"https:\/\/mandebitcoin.com\/?post_type=product&#038;p=513"},"modified":"2024-09-19T00:43:21","modified_gmt":"2024-09-19T00:43:21","slug":"blockstream-jade-hardware-wallet","status":"publish","type":"product","link":"https:\/\/mandebitcoin.com\/en\/product\/blockstream-jade-hardware-wallet\/","title":{"rendered":"Blockstream Jade Hardware Wallet"},"content":{"rendered":"<div class=\"row\"  id=\"row-678554630\">\n\n\t<div id=\"col-978249685\" class=\"col small-12 large-12\"  >\n\t\t\t\t<div class=\"col-inner\"  >\n\t\t\t\n\t\t\t\n<h2>Presentamos la Cartera Hardware Blockstream Jade<\/h2>\n<p>Presentamos la cartera hardware Blockstream Jade, la soluci\u00f3n definitiva para asegurar tu bitcoin con caracter\u00edsticas de seguridad de \u00faltima generaci\u00f3n y una innovadora funcionalidad air-gapped. Nuestro dispositivo revolucionario est\u00e1 dise\u00f1ado para ofrecerte el m\u00e1s alto nivel de protecci\u00f3n para tus activos digitales, garantizando as\u00ed tu tranquilidad.<\/p>\n\t\t<\/div>\n\t\t\t\t\t<\/div>\n\n\t\n<\/div>\n\n\t<section class=\"section\" id=\"section_26371099\">\n\t\t<div class=\"section-bg fill\" >\n\t\t\t\t\t\t\t\t\t\n\t\t\t\n\n\t\t<\/div>\n\n\t\t\n\n\t\t<div class=\"section-content relative\">\n\t\t\t\n<div class=\"row align-center\"  id=\"row-1667627299\">\n\n\t<div id=\"col-1580724923\" class=\"col medium-4 small-12 large-4\"  >\n\t\t\t\t<div class=\"col-inner\"  >\n\t\t\t\n\t\t\t\n\n\t\t<div class=\"icon-box featured-box icon-box-center text-center is-large\"  style=\"margin:10px 10px 10px 10px;\">\n\t\t\t\t\t<div class=\"icon-box-img\" style=\"width: 80px\">\n\t\t\t\t<div class=\"icon\">\n\t\t\t\t\t<div class=\"icon-inner\" >\n\t\t\t\t\t\t<img loading=\"lazy\" decoding=\"async\" width=\"300\" height=\"300\" src=\"https:\/\/mandebitcoin.com\/wp-content\/uploads\/2024\/07\/qr-code_714390-300x300.png\" class=\"attachment-medium size-medium\" alt=\"\" srcset=\"https:\/\/mandebitcoin.com\/wp-content\/uploads\/2024\/07\/qr-code_714390-300x300.png 300w, https:\/\/mandebitcoin.com\/wp-content\/uploads\/2024\/07\/qr-code_714390-150x150.png 150w, https:\/\/mandebitcoin.com\/wp-content\/uploads\/2024\/07\/qr-code_714390-12x12.png 12w, https:\/\/mandebitcoin.com\/wp-content\/uploads\/2024\/07\/qr-code_714390-100x100.png 100w, https:\/\/mandebitcoin.com\/wp-content\/uploads\/2024\/07\/qr-code_714390.png 512w\" sizes=\"auto, (max-width: 300px) 100vw, 300px\" \/>\t\t\t\t\t<\/div>\n\t\t\t\t<\/div>\n\t\t\t<\/div>\n\t\t\t\t<div class=\"icon-box-text last-reset\">\n\t\t\t\t\t\t\t\t\t\n<h3>Funcionalidad de QR completamente air-gapped<\/h3>\n<p>Escanea y muestra c\u00f3digos QR directamente en Jade para enviar bitcoin y verificar direcciones, sin necesidad de conexi\u00f3n USB o Bluetooth.<\/p>\n\t\t<\/div>\n\t<\/div>\n\t\n\t\n\t\t<\/div>\n\t\t\t\t\t<\/div>\n\n\t\n\n\t<div id=\"col-731990481\" class=\"col medium-4 small-12 large-4\"  >\n\t\t\t\t<div class=\"col-inner\"  >\n\t\t\t\n\t\t\t\n\n\t\t<div class=\"icon-box featured-box icon-box-center text-center is-large\"  style=\"margin:10px 10px 10px 10px;\">\n\t\t\t\t\t<div class=\"icon-box-img\" style=\"width: 80px\">\n\t\t\t\t<div class=\"icon\">\n\t\t\t\t\t<div class=\"icon-inner\" >\n\t\t\t\t\t\t<img loading=\"lazy\" decoding=\"async\" width=\"300\" height=\"300\" src=\"https:\/\/mandebitcoin.com\/wp-content\/uploads\/2024\/07\/padlock_346751-300x300.png\" class=\"attachment-medium size-medium\" alt=\"\" srcset=\"https:\/\/mandebitcoin.com\/wp-content\/uploads\/2024\/07\/padlock_346751-300x300.png 300w, https:\/\/mandebitcoin.com\/wp-content\/uploads\/2024\/07\/padlock_346751-150x150.png 150w, https:\/\/mandebitcoin.com\/wp-content\/uploads\/2024\/07\/padlock_346751-12x12.png 12w, https:\/\/mandebitcoin.com\/wp-content\/uploads\/2024\/07\/padlock_346751-100x100.png 100w, https:\/\/mandebitcoin.com\/wp-content\/uploads\/2024\/07\/padlock_346751.png 512w\" sizes=\"auto, (max-width: 300px) 100vw, 300px\" \/>\t\t\t\t\t<\/div>\n\t\t\t\t<\/div>\n\t\t\t<\/div>\n\t\t\t\t<div class=\"icon-box-text last-reset\">\n\t\t\t\t\t\t\t\t\t\n<h3>Virtual Secure Element<\/h3>\n<p>El exclusivo modelo de seguridad de Jade permite que tu dispositivo sea completamente de c\u00f3digo abierto sin comprometer la seguridad.<\/p>\n\t\t<\/div>\n\t<\/div>\n\t\n\t\n\t\t<\/div>\n\t\t\t\t\t<\/div>\n\n\t\n\n<style>\n#row-1667627299 > .col > .col-inner {\n  padding: 20px 20px 20px 20px;\n}\n<\/style>\n<\/div>\n\t\t<\/div>\n\n\t\t\n<style>\n#section_26371099 {\n  padding-top: 30px;\n  padding-bottom: 30px;\n  background-color: rgb(245, 245, 245);\n}\n<\/style>\n\t<\/section>\n\t\n<div class=\"row\"  id=\"row-1283056857\">\n\n\t<div id=\"col-1844344487\" class=\"col small-12 large-12\"  >\n\t\t\t\t<div class=\"col-inner\"  >\n\t\t\t\n\t\t\t\n<div class=\"accordion\">\n\t<div id=\"accordion-270804423\" class=\"accordion-item\">\n\t\t<a id=\"accordion-270804423-label\" class=\"accordion-title plain\" href=\"#accordion-item-detalles-del-producto\" aria-expanded=\"false\" aria-controls=\"accordion-270804423-content\">\n\t\t\t<button class=\"toggle\" aria-label=\"Toggle\"><i class=\"icon-angle-down\" aria-hidden=\"true\"><\/i><\/button>\n\t\t\t<span>Detalles del Producto<\/span>\n\t\t<\/a>\n\t\t<div id=\"accordion-270804423-content\" class=\"accordion-inner\" aria-labelledby=\"accordion-270804423-label\">\n\t\t\t\n<p>Blockstream Jade es una cartera hardware completamente de c\u00f3digo abierto y altamente segura, dise\u00f1ada para mantener las claves privadas de tu bitcoin protegidas. Jade est\u00e1 lista para toda tu jornada de autocustodia, ofreciendo una configuraci\u00f3n simple que es perfecta para nuevos usuarios, mientras posee funciones avanzadas deseadas por los veteranos. El poderoso modelo de seguridad de Jade asegura que no haya nada valioso que robar de un Jade bloqueado, lo que lo diferencia de otras carteras hardware que almacenan todos los secretos necesarios en el dispositivo. Con Jade, tu cartera hardware deja de ser un \u00fanico punto de falla y act\u00faa como un verdadero dispositivo de firma.<\/p>\n<p>Jade funciona de manera impresionante con su aplicaci\u00f3n complementaria dedicada, Blockstream Green, as\u00ed como con otras carteras populares en escritorio y m\u00f3vil, como Sparrow, Electrum, Specter, Nunchuk, BlueWallet, Bitcoin Core y m\u00e1s. Adem\u00e1s de su amplia compatibilidad, Jade ofrece tres m\u00e9todos de comunicaci\u00f3n diferentes: USB, Bluetooth y QR. Elige USB o Bluetooth para una conexi\u00f3n m\u00e1s tradicional, o lleva tu seguridad al siguiente nivel con un flujo de trabajo completamente air-gapped usando la c\u00e1mara y los c\u00f3digos QR de Jade. Combina la funcionalidad air-gapped de Jade con la variante de firmware opcional sin radio, y Jade estar\u00e1 lista para ser utilizada por cualquier veterano cypherpunk.<\/p>\n<p>Experimenta la interfaz de usuario intuitiva de Jade con orientaci\u00f3n e instrucciones integradas para que puedas configurar tu dispositivo como prefieras. Utiliza temas personalizables que aprovechan al m\u00e1ximo la pantalla brillante y a color de Jade para personalizar tu dispositivo a\u00fan m\u00e1s. A medida que avanzas en tu jornada, descubre funciones innovadoras y avanzadas, incluyendo la recuperaci\u00f3n multisig de Jade, PIN de coacci\u00f3n, soporte para SeedQR, firmas sin estado, autenticaci\u00f3n TOTP y frases semilla creadas con dados, \u00a1solo por nombrar algunas!<\/p>\n<p>La facilidad de uso y la funcionalidad de vanguardia de Jade la convierten en la elecci\u00f3n ideal para bitcoiners de todos los niveles de habilidad, mientras que su versatilidad asegura que es la \u00fanica cartera hardware que necesitar\u00e1s. Invierte en Blockstream Jade hoy y comienza a proteger tus activos con un nivel de seguridad sin igual.<\/p>\n\t\t<\/div>\n\t<\/div>\n\t\n\t<div id=\"accordion-2394326427\" class=\"accordion-item\">\n\t\t<a id=\"accordion-2394326427-label\" class=\"accordion-title plain\" href=\"#accordion-item-env\u00edo\" aria-expanded=\"false\" aria-controls=\"accordion-2394326427-content\">\n\t\t\t<button class=\"toggle\" aria-label=\"Toggle\"><i class=\"icon-angle-down\" aria-hidden=\"true\"><\/i><\/button>\n\t\t\t<span>Env\u00edo<\/span>\n\t\t<\/a>\n\t\t<div id=\"accordion-2394326427-content\" class=\"accordion-inner\" aria-labelledby=\"accordion-2394326427-label\">\n\t\t\t\n<p>Para nuestros clientes en Estados Unidos, pueden esperar que su cartera Jade llegue en 3-7 d\u00edas h\u00e1biles. Para nuestros amigos internacionales, la entrega tomar\u00e1 un poco m\u00e1s, alrededor de 2-4 semanas. No se preocupen por los costos de env\u00edo por ahora; se calcular\u00e1n para ustedes en el proceso de pago de Blockstream. \u00a1Felices compras!<\/p>\n\t\t<\/div>\n\t<\/div>\n\t\n<\/div>\n\t\t<\/div>\n\t\t\t\t\t<\/div>\n\n\t\n<\/div>\n\n\t<section class=\"section\" id=\"section_1992841121\">\n\t\t<div class=\"section-bg fill\" >\n\t\t\t\t\t\t\t\t\t\n\t\t\t\n\n\t\t<\/div>\n\n\t\t\n\n\t\t<div class=\"section-content relative\">\n\t\t\t\n<div class=\"row\"  id=\"row-1732479245\">\n\n\t<div id=\"col-1053480660\" class=\"col small-12 large-12\"  >\n\t\t\t\t<div class=\"col-inner\"  >\n\t\t\t\n\t\t\t\n<h2>Especificaciones T\u00e9cnicas<\/h2>\n<p>Nuestro dispositivo revolucionario est\u00e1 dise\u00f1ado para proporcionarte el m\u00e1s alto nivel de protecci\u00f3n para tus activos digitales, asegurando tu tranquilidad.<\/p>\n\t\t<\/div>\n\t\t\t\t\t<\/div>\n\n\t\n\n\t<div id=\"col-1696837\" class=\"col medium-6 small-12 large-6\"  >\n\t\t\t\t<div class=\"col-inner\"  >\n\t\t\t\n\t\t\t\n<h3>Dimensiones, Material y Peso<\/h3>\n<p><strong>Tama\u00f1o: <\/strong><\/p>\n<p>60 mm x 24 mm x 17 mm<\/p>\n<p><strong>Peso: <\/strong><\/p>\n<p>21 g<\/p>\n<p><strong>Material: <\/strong><\/p>\n<p>Pl\u00e1stico<\/p>\n<p><strong>Bater\u00eda: <\/strong><\/p>\n<p>240 mAh<\/p>\n\t\t<\/div>\n\t\t\t\t\t<\/div>\n\n\t\n\n\t<div id=\"col-735518858\" class=\"col medium-6 small-12 large-6\"  >\n\t\t\t\t<div class=\"col-inner\"  >\n\t\t\t\n\t\t\t\n<h3>Microcontroladores y conectores<\/h3>\n<p><strong>Conector<\/strong><\/p>\n<p>USB Tipo-C<\/p>\n<p>Espressif ESP32<\/p>\n<p><strong>Control<\/strong><\/p>\n<p>Rueda de clic, bot\u00f3n de acci\u00f3n<\/p>\n\t\t<\/div>\n\t\t\t\t\t<\/div>\n\n\t\n\n\t<div id=\"col-806721681\" class=\"col medium-6 small-12 large-6\"  >\n\t\t\t\t<div class=\"col-inner\"  >\n\t\t\t\n\t\t\t\n<h3>Compatibilidad<\/h3>\n<p><a href=\"https:\/\/help.blockstream.com\/hc\/en-us\/articles\/900004040226-Blockstream-Jade-Quickstart-Guide-for-Android\">Blockstream Green para Android v\u00eda Bluetooth y USB-C<\/a><\/p>\n<p><a href=\"https:\/\/help.blockstream.com\/hc\/en-us\/articles\/900006223446-Blockstream-Jade-Quickstart-Guide-for-iOS\">Blockstream Green para iOS v\u00eda Bluetooth <\/a><\/p>\n<p><a href=\"https:\/\/help.blockstream.com\/hc\/en-us\/articles\/17478506300825-Blockstream-Jade-Quickstart-Guide-for-Desktop\">Blockstream Green para Desktop v\u00eda USB-C <\/a><\/p>\n<p><a href=\"https:\/\/help.blockstream.com\/hc\/en-us\/articles\/11664909888537-How-do-I-use-Jade-QR-Scan-with-BlueWallet-\">BlueWallet<\/a><\/p>\n<p><a href=\"https:\/\/help.blockstream.com\/hc\/en-us\/articles\/9373676880025-How-do-I-use-Blockstream-Jade-with-Electrum-\">Electrum<\/a><\/p>\n<p><a href=\"https:\/\/help.blockstream.com\/hc\/en-us\/articles\/11666849301017-How-do-I-use-Jade-QR-Scan-with-Nunchuk-\">Nunchuk<\/a><\/p>\n<p><a href=\"https:\/\/help.blockstream.com\/hc\/en-us\/articles\/7559912660761-How-do-I-use-Blockstream-Jade-with-Sparrow-\">Sparrow Wallet <\/a><\/p>\n<p><a href=\"https:\/\/help.blockstream.com\/hc\/en-us\/articles\/5682411860249-How-do-I-use-Blockstream-Jade-with-Specter-\">Specter Wallet <\/a><\/p>\n<p><a href=\"https:\/\/github.com\/bitcoin-core\/HWI\">HWI<\/a><\/p>\n\t\t<\/div>\n\t\t\t\t\t<\/div>\n\n\t\n\n\t<div id=\"col-626780263\" class=\"col medium-6 small-12 large-6\"  >\n\t\t\t\t<div class=\"col-inner\"  >\n\t\t\t\n\t\t\t\n<h3>El paquete incluye<\/h3>\n<p>1x Hardware de cartera<\/p>\n<p>1x Cable USB-C a USB-A<\/p>\n<p>1x Gu\u00eda de Configuraci\u00f3n<\/p>\n<p>3x Plantillas de Recuperaci\u00f3n<\/p>\n\t\t<\/div>\n\t\t\t\t\t<\/div>\n\n\t\n<\/div>\n\t\t<\/div>\n\n\t\t\n<style>\n#section_1992841121 {\n  padding-top: 30px;\n  padding-bottom: 30px;\n}\n<\/style>\n\t<\/section>","protected":false},"excerpt":{"rendered":"","protected":false},"featured_media":271,"comment_status":"closed","ping_status":"closed","template":"","meta":[],"product_brand":[],"product_cat":[22,19],"product_tag":[],"class_list":{"0":"post-513","1":"product","2":"type-product","3":"status-publish","4":"has-post-thumbnail","6":"product_cat-billetera-fria","7":"product_cat-seguridad-para-criptomonedas","9":"first","10":"instock","11":"taxable","12":"shipping-taxable","13":"product-type-external"},"yoast_head":"<!-- This site is optimized with the Yoast SEO plugin v27.3 - https:\/\/yoast.com\/product\/yoast-seo-wordpress\/ -->\n<title>Blockstream Jade Hardware Wallet - Man De Bitcoin<\/title>\n<meta name=\"robots\" content=\"index, follow, max-snippet:-1, max-image-preview:large, max-video-preview:-1\" \/>\n<link rel=\"canonical\" href=\"https:\/\/mandebitcoin.com\/en\/producto\/blockstream-jade-hardware-wallet\/\" \/>\n<meta property=\"og:locale\" content=\"en_US\" \/>\n<meta property=\"og:type\" content=\"article\" \/>\n<meta property=\"og:title\" content=\"Blockstream Jade Hardware Wallet - Man De Bitcoin\" \/>\n<meta property=\"og:url\" content=\"https:\/\/mandebitcoin.com\/en\/producto\/blockstream-jade-hardware-wallet\/\" \/>\n<meta property=\"og:site_name\" content=\"Man De Bitcoin\" \/>\n<meta property=\"article:modified_time\" content=\"2024-09-19T00:43:21+00:00\" \/>\n<meta property=\"og:image\" content=\"https:\/\/mandebitcoin.com\/wp-content\/uploads\/2024\/07\/1-Black-Front.jpg\" \/>\n\t<meta property=\"og:image:width\" content=\"1000\" \/>\n\t<meta property=\"og:image:height\" content=\"1000\" \/>\n\t<meta property=\"og:image:type\" content=\"image\/jpeg\" \/>\n<meta name=\"twitter:card\" content=\"summary_large_image\" \/>\n<meta name=\"twitter:site\" content=\"@ManDeBitcoin\" \/>\n<meta name=\"twitter:label1\" content=\"Est. reading time\" \/>\n\t<meta name=\"twitter:data1\" content=\"4 minutes\" \/>\n<script type=\"application\/ld+json\" class=\"yoast-schema-graph\">{\"@context\":\"https:\\\/\\\/schema.org\",\"@graph\":[{\"@type\":\"WebPage\",\"@id\":\"https:\\\/\\\/mandebitcoin.com\\\/producto\\\/blockstream-jade-hardware-wallet\\\/\",\"url\":\"https:\\\/\\\/mandebitcoin.com\\\/producto\\\/blockstream-jade-hardware-wallet\\\/\",\"name\":\"Blockstream Jade Hardware Wallet - Man De Bitcoin\",\"isPartOf\":{\"@id\":\"https:\\\/\\\/mandebitcoin.com\\\/#website\"},\"primaryImageOfPage\":{\"@id\":\"https:\\\/\\\/mandebitcoin.com\\\/producto\\\/blockstream-jade-hardware-wallet\\\/#primaryimage\"},\"image\":{\"@id\":\"https:\\\/\\\/mandebitcoin.com\\\/producto\\\/blockstream-jade-hardware-wallet\\\/#primaryimage\"},\"thumbnailUrl\":\"https:\\\/\\\/mandebitcoin.com\\\/wp-content\\\/uploads\\\/2024\\\/07\\\/1-Black-Front.jpg\",\"datePublished\":\"2024-07-28T16:17:58+00:00\",\"dateModified\":\"2024-09-19T00:43:21+00:00\",\"breadcrumb\":{\"@id\":\"https:\\\/\\\/mandebitcoin.com\\\/producto\\\/blockstream-jade-hardware-wallet\\\/#breadcrumb\"},\"inLanguage\":\"en-US\",\"potentialAction\":[{\"@type\":\"ReadAction\",\"target\":[\"https:\\\/\\\/mandebitcoin.com\\\/producto\\\/blockstream-jade-hardware-wallet\\\/\"]}]},{\"@type\":\"ImageObject\",\"inLanguage\":\"en-US\",\"@id\":\"https:\\\/\\\/mandebitcoin.com\\\/producto\\\/blockstream-jade-hardware-wallet\\\/#primaryimage\",\"url\":\"https:\\\/\\\/mandebitcoin.com\\\/wp-content\\\/uploads\\\/2024\\\/07\\\/1-Black-Front.jpg\",\"contentUrl\":\"https:\\\/\\\/mandebitcoin.com\\\/wp-content\\\/uploads\\\/2024\\\/07\\\/1-Black-Front.jpg\",\"width\":1000,\"height\":1000},{\"@type\":\"BreadcrumbList\",\"@id\":\"https:\\\/\\\/mandebitcoin.com\\\/producto\\\/blockstream-jade-hardware-wallet\\\/#breadcrumb\",\"itemListElement\":[{\"@type\":\"ListItem\",\"position\":1,\"name\":\"Portada\",\"item\":\"https:\\\/\\\/mandebitcoin.com\\\/\"},{\"@type\":\"ListItem\",\"position\":2,\"name\":\"Shop\",\"item\":\"https:\\\/\\\/mandebitcoin.com\\\/shop\\\/\"},{\"@type\":\"ListItem\",\"position\":3,\"name\":\"Blockstream Jade Hardware Wallet\"}]},{\"@type\":\"WebSite\",\"@id\":\"https:\\\/\\\/mandebitcoin.com\\\/#website\",\"url\":\"https:\\\/\\\/mandebitcoin.com\\\/\",\"name\":\"Man De Bitcoin\",\"description\":\"Forjando un futuro seguro y transparente\",\"publisher\":{\"@id\":\"https:\\\/\\\/mandebitcoin.com\\\/#organization\"},\"potentialAction\":[{\"@type\":\"SearchAction\",\"target\":{\"@type\":\"EntryPoint\",\"urlTemplate\":\"https:\\\/\\\/mandebitcoin.com\\\/?s={search_term_string}\"},\"query-input\":{\"@type\":\"PropertyValueSpecification\",\"valueRequired\":true,\"valueName\":\"search_term_string\"}}],\"inLanguage\":\"en-US\"},{\"@type\":\"Organization\",\"@id\":\"https:\\\/\\\/mandebitcoin.com\\\/#organization\",\"name\":\"Man De Bitcoin\",\"url\":\"https:\\\/\\\/mandebitcoin.com\\\/\",\"logo\":{\"@type\":\"ImageObject\",\"inLanguage\":\"en-US\",\"@id\":\"https:\\\/\\\/mandebitcoin.com\\\/#\\\/schema\\\/logo\\\/image\\\/\",\"url\":\"https:\\\/\\\/mandebitcoin.com\\\/wp-content\\\/uploads\\\/2024\\\/07\\\/man-de-bitcoin-logo.png\",\"contentUrl\":\"https:\\\/\\\/mandebitcoin.com\\\/wp-content\\\/uploads\\\/2024\\\/07\\\/man-de-bitcoin-logo.png\",\"width\":729,\"height\":729,\"caption\":\"Man De Bitcoin\"},\"image\":{\"@id\":\"https:\\\/\\\/mandebitcoin.com\\\/#\\\/schema\\\/logo\\\/image\\\/\"},\"sameAs\":[\"https:\\\/\\\/x.com\\\/ManDeBitcoin\",\"https:\\\/\\\/www.youtube.com\\\/@ManDeBitcoin\",\"https:\\\/\\\/www.instagram.com\\\/mandebitcoin\",\"https:\\\/\\\/www.tiktok.com\\\/@mandebitcoin\"]}]}<\/script>\n<!-- \/ Yoast SEO plugin. -->","yoast_head_json":{"title":"Blockstream Jade Hardware Wallet - Man De Bitcoin","robots":{"index":"index","follow":"follow","max-snippet":"max-snippet:-1","max-image-preview":"max-image-preview:large","max-video-preview":"max-video-preview:-1"},"canonical":"https:\/\/mandebitcoin.com\/en\/producto\/blockstream-jade-hardware-wallet\/","og_locale":"en_US","og_type":"article","og_title":"Blockstream Jade Hardware Wallet - Man De Bitcoin","og_url":"https:\/\/mandebitcoin.com\/en\/producto\/blockstream-jade-hardware-wallet\/","og_site_name":"Man De Bitcoin","article_modified_time":"2024-09-19T00:43:21+00:00","og_image":[{"width":1000,"height":1000,"url":"https:\/\/mandebitcoin.com\/wp-content\/uploads\/2024\/07\/1-Black-Front.jpg","type":"image\/jpeg"}],"twitter_card":"summary_large_image","twitter_site":"@ManDeBitcoin","twitter_misc":{"Est. reading time":"4 minutes"},"schema":{"@context":"https:\/\/schema.org","@graph":[{"@type":"WebPage","@id":"https:\/\/mandebitcoin.com\/producto\/blockstream-jade-hardware-wallet\/","url":"https:\/\/mandebitcoin.com\/producto\/blockstream-jade-hardware-wallet\/","name":"Blockstream Jade Hardware Wallet - Man De Bitcoin","isPartOf":{"@id":"https:\/\/mandebitcoin.com\/#website"},"primaryImageOfPage":{"@id":"https:\/\/mandebitcoin.com\/producto\/blockstream-jade-hardware-wallet\/#primaryimage"},"image":{"@id":"https:\/\/mandebitcoin.com\/producto\/blockstream-jade-hardware-wallet\/#primaryimage"},"thumbnailUrl":"https:\/\/mandebitcoin.com\/wp-content\/uploads\/2024\/07\/1-Black-Front.jpg","datePublished":"2024-07-28T16:17:58+00:00","dateModified":"2024-09-19T00:43:21+00:00","breadcrumb":{"@id":"https:\/\/mandebitcoin.com\/producto\/blockstream-jade-hardware-wallet\/#breadcrumb"},"inLanguage":"en-US","potentialAction":[{"@type":"ReadAction","target":["https:\/\/mandebitcoin.com\/producto\/blockstream-jade-hardware-wallet\/"]}]},{"@type":"ImageObject","inLanguage":"en-US","@id":"https:\/\/mandebitcoin.com\/producto\/blockstream-jade-hardware-wallet\/#primaryimage","url":"https:\/\/mandebitcoin.com\/wp-content\/uploads\/2024\/07\/1-Black-Front.jpg","contentUrl":"https:\/\/mandebitcoin.com\/wp-content\/uploads\/2024\/07\/1-Black-Front.jpg","width":1000,"height":1000},{"@type":"BreadcrumbList","@id":"https:\/\/mandebitcoin.com\/producto\/blockstream-jade-hardware-wallet\/#breadcrumb","itemListElement":[{"@type":"ListItem","position":1,"name":"Portada","item":"https:\/\/mandebitcoin.com\/"},{"@type":"ListItem","position":2,"name":"Shop","item":"https:\/\/mandebitcoin.com\/shop\/"},{"@type":"ListItem","position":3,"name":"Blockstream Jade Hardware Wallet"}]},{"@type":"WebSite","@id":"https:\/\/mandebitcoin.com\/#website","url":"https:\/\/mandebitcoin.com\/","name":"Man De Bitcoin","description":"Forjando un futuro seguro y transparente","publisher":{"@id":"https:\/\/mandebitcoin.com\/#organization"},"potentialAction":[{"@type":"SearchAction","target":{"@type":"EntryPoint","urlTemplate":"https:\/\/mandebitcoin.com\/?s={search_term_string}"},"query-input":{"@type":"PropertyValueSpecification","valueRequired":true,"valueName":"search_term_string"}}],"inLanguage":"en-US"},{"@type":"Organization","@id":"https:\/\/mandebitcoin.com\/#organization","name":"Man De Bitcoin","url":"https:\/\/mandebitcoin.com\/","logo":{"@type":"ImageObject","inLanguage":"en-US","@id":"https:\/\/mandebitcoin.com\/#\/schema\/logo\/image\/","url":"https:\/\/mandebitcoin.com\/wp-content\/uploads\/2024\/07\/man-de-bitcoin-logo.png","contentUrl":"https:\/\/mandebitcoin.com\/wp-content\/uploads\/2024\/07\/man-de-bitcoin-logo.png","width":729,"height":729,"caption":"Man De Bitcoin"},"image":{"@id":"https:\/\/mandebitcoin.com\/#\/schema\/logo\/image\/"},"sameAs":["https:\/\/x.com\/ManDeBitcoin","https:\/\/www.youtube.com\/@ManDeBitcoin","https:\/\/www.instagram.com\/mandebitcoin","https:\/\/www.tiktok.com\/@mandebitcoin"]}]}},"_links":{"self":[{"href":"https:\/\/mandebitcoin.com\/en\/wp-json\/wp\/v2\/product\/513","targetHints":{"allow":["GET"]}}],"collection":[{"href":"https:\/\/mandebitcoin.com\/en\/wp-json\/wp\/v2\/product"}],"about":[{"href":"https:\/\/mandebitcoin.com\/en\/wp-json\/wp\/v2\/types\/product"}],"replies":[{"embeddable":true,"href":"https:\/\/mandebitcoin.com\/en\/wp-json\/wp\/v2\/comments?post=513"}],"wp:featuredmedia":[{"embeddable":true,"href":"https:\/\/mandebitcoin.com\/en\/wp-json\/wp\/v2\/media\/271"}],"wp:attachment":[{"href":"https:\/\/mandebitcoin.com\/en\/wp-json\/wp\/v2\/media?parent=513"}],"wp:term":[{"taxonomy":"product_brand","embeddable":true,"href":"https:\/\/mandebitcoin.com\/en\/wp-json\/wp\/v2\/product_brand?post=513"},{"taxonomy":"product_cat","embeddable":true,"href":"https:\/\/mandebitcoin.com\/en\/wp-json\/wp\/v2\/product_cat?post=513"},{"taxonomy":"product_tag","embeddable":true,"href":"https:\/\/mandebitcoin.com\/en\/wp-json\/wp\/v2\/product_tag?post=513"}],"curies":[{"name":"wp","href":"https:\/\/api.w.org\/{rel}","templated":true}]}}